{"id":42,"date":"2026-01-06T16:19:40","date_gmt":"2026-01-06T16:19:40","guid":{"rendered":"https:\/\/aaccmi.com\/?page_id=42"},"modified":"2026-03-23T17:59:39","modified_gmt":"2026-03-23T16:59:39","slug":"membership","status":"publish","type":"page","link":"https:\/\/aaccmi.com\/al\/membership\/","title":{"rendered":"An\u00ebtar\u00ebsimi"},"content":{"rendered":"<div class=\"et_pb_section_0 et_pb_section et_section_regular et_flex_section\">\n<div class=\"et_pb_row_0 et_pb_row et_flex_row\">\n<div class=\"et_pb_column_0 et_pb_column et-last-child et_flex_column et_pb_css_mix_blend_mode_passthrough et_flex_column_24_24 et_flex_column_24_24_tablet et_flex_column_24_24_phone\">\n<div class=\"et_pb_text_0 et_pb_text et_pb_bg_layout_light et_pb_module et_flex_module\"><div class=\"et_pb_text_inner\"><h1>P\u00ebrputhni ambicien tuaj individuale me nj\u00eb rrjet t\u00eb fuqish\u00ebm q\u00eb ngre dhe forcon sip\u00ebrmarrjet shqiptaro-amerikane.<\/h1>\n<\/div><\/div>\n<\/div>\n<\/div>\n<\/div>\n\n<div class=\"et_pb_section_1 et_pb_section et_section_regular et_flex_section\">\n<div class=\"et_pb_row_1 et_pb_row et_flex_row\">\n<div class=\"et_pb_column_1 et_pb_column et_flex_column et_pb_css_mix_blend_mode_passthrough et_flex_column_3_5 et_flex_column_3_5_tablet et_flex_column_24_24_phone\">\n<div class=\"et_pb_text_1 et_pb_text et_pb_bg_layout_light et_pb_module et_flex_module\" id=\"categories\"><div class=\"et_pb_text_inner\"><h2>Membership Classes<\/h2>\n<p>Join one of the below classes:<\/p>\n<\/div><\/div>\n\n<div class=\"et_pb_text_2 et_pb_text et_pb_bg_layout_light et_pb_module et_flex_module\"><div class=\"et_pb_text_inner\"><h4>An\u00ebtar\u00ebsi Individuale<\/h4>\n<p>P\u00ebr profesionist\u00eb dhe sip\u00ebrmarr\u00ebs n\u00eb fazat e para t\u00eb zhvillimit t\u00eb tyre.<\/p>\n<\/div><\/div>\n\n<div class=\"et_pb_text_3 et_pb_text et_pb_bg_layout_light et_pb_module et_flex_module\"><div class=\"et_pb_text_inner\"><h4>An\u00ebtar\u00ebsi Biznesi<\/h4>\n<p>P\u00ebr nd\u00ebrmarrje t\u00eb vogla dhe t\u00eb mesme q\u00eb k\u00ebrkojn\u00eb angazhim aktiv, rrjet\u00ebzim dhe rritje t\u00eb dukshm\u00ebris\u00eb n\u00eb treg.<\/p>\n<\/div><\/div>\n\n<div class=\"et_pb_text_4 et_pb_text et_pb_bg_layout_light et_pb_module et_flex_module\"><div class=\"et_pb_text_inner\"><h4>An\u00ebtar\u00ebsi Korporative<\/h4>\n<p>P\u00ebr organizata q\u00eb synojn\u00eb pozicionim strategjik, p\u00ebrfaq\u00ebsim institucional dhe rol udh\u00ebheq\u00ebs n\u00eb komunitetin e biznesit.<\/p>\n<\/div><\/div>\n\n<div class=\"et_pb_text_5 et_pb_text et_pb_bg_layout_light et_pb_module et_flex_module\"><div class=\"et_pb_text_inner\"><h4>Lider\u00ebt Themelues t\u00eb Biznesit 2026<\/h4>\n<p>Grup i spikatur an\u00ebtar\u00ebsh q\u00eb b\u00ebjn\u00eb nj\u00eb investim themelor n\u00eb vitin e par\u00eb t\u00eb Dhom\u00ebs, duke mb\u00ebshtetur nd\u00ebrtimin dhe konsolidimin e saj.<\/p>\n<\/div><\/div>\n<\/div>\n\n<div class=\"et_pb_column_2 et_pb_column et-last-child et_flex_column et_pb_css_mix_blend_mode_passthrough et_flex_column_2_5 et_flex_column_2_5_tablet et_flex_column_24_24_phone\">\n<div class=\"et_pb_image_0 et_pb_image et_pb_module et_flex_module\"><span class=\"et_pb_image_wrap\"><img loading=\"lazy\" decoding=\"async\" src=\"https:\/\/aaccmi.com\/wp-content\/uploads\/2026\/01\/Icon3.png\" width=\"1024\" height=\"695\" srcset=\"https:\/\/aaccmi.com\/wp-content\/uploads\/2026\/01\/Icon3.png 1024w, https:\/\/aaccmi.com\/wp-content\/uploads\/2026\/01\/Icon3-980x665.png 980w, https:\/\/aaccmi.com\/wp-content\/uploads\/2026\/01\/Icon3-480x326.png 480w\" sizes=\"(min-width: 0px) and (max-width: 480px) 480px, (min-width: 481px) and (max-width: 980px) 980px, (min-width: 981px) 1024px, 100vw\" class=\"wp-image-87\" \/><\/span><\/div>\n<\/div>\n<\/div>\n\n<div class=\"et_pb_row_2 et_pb_row et_flex_row\" id=\"benefits\">\n<div class=\"et_pb_column_3 et_pb_column et-last-child et_flex_column et_pb_css_mix_blend_mode_passthrough et_flex_column_24_24 et_flex_column_24_24_tablet et_flex_column_24_24_phone\">\n<div class=\"et_pb_text_6 et_pb_text et_pb_bg_layout_light et_pb_module et_flex_module\"><div class=\"et_pb_text_inner\"><h2>P\u00ebrfitimet e An\u00ebtar\u00ebve<\/h2>\n<\/div><\/div>\n\n<ul class=\"et_pb_icon_list_0 et_pb_icon_list et_pb_module et_flex_module\">\n<li class=\"et_pb_icon_list_item_0 et_pb_icon_list_item et_pb_module et_flex_module\"><span class=\"et-pb-icon\">^<\/span><div class=\"et_pb_icon_list_text\">Lidhje me bizneset e tjera<\/div><\/li>\n\n<li class=\"et_pb_icon_list_item_1 et_pb_icon_list_item et_pb_module et_flex_module\"><span class=\"et-pb-icon\">^<\/span><div class=\"et_pb_icon_list_text\">Promovim i biznesit tuaj p\u00ebrmes dhom\u00ebs<\/div><\/li>\n\n<li class=\"et_pb_icon_list_item_2 et_pb_icon_list_item et_pb_module et_flex_module\"><span class=\"et-pb-icon\">^<\/span><div class=\"et_pb_icon_list_text\">Rrjet i strukturuar dhe efektiv<\/div><\/li>\n\n<li class=\"et_pb_icon_list_item_3 et_pb_icon_list_item et_pb_module et_flex_module\"><span class=\"et-pb-icon\">^<\/span><div class=\"et_pb_icon_list_text\">Evente ekskluzive dhe aktivitete komunitare<\/div><\/li>\n\n<li class=\"et_pb_icon_list_item_4 et_pb_icon_list_item et_pb_module et_flex_module\"><span class=\"et-pb-icon\">^<\/span><div class=\"et_pb_icon_list_text\">Advokim p\u00ebr interesat e antar\u00ebve<\/div><\/li>\n\n<li class=\"et_pb_icon_list_item_5 et_pb_icon_list_item et_pb_module et_flex_module\"><span class=\"et-pb-icon\">^<\/span><div class=\"et_pb_icon_list_text\">Nj\u00eb komunitet t\u00eb fort\u00eb q\u00eb i p\u00ebrkisni<\/div><\/li>\n<\/ul>\n<\/div>\n<\/div>\n\n<div class=\"et_pb_row_3 et_pb_row et_flex_row\">\n<div class=\"et_pb_column_4 et_pb_column et_flex_column et_pb_css_mix_blend_mode_passthrough et_flex_column_3_5 et_flex_column_3_5_tablet et_flex_column_24_24_phone\">\n<div class=\"et_pb_text_7 et_pb_text et_pb_bg_layout_light et_pb_module et_flex_module\"><div class=\"et_pb_text_inner\"><h2>Shkarkoni broshur\u00ebn ton\u00eb<\/h2>\n<\/div><\/div>\n<\/div>\n\n<div class=\"et_pb_column_5 et_pb_column et-last-child et_flex_column et_pb_css_mix_blend_mode_passthrough et_flex_column_2_5 et_flex_column_2_5_tablet et_flex_column_24_24_phone\">\n<div class=\"et_pb_module et_pb_button_module_wrapper et_pb_button_0_wrapper preset--group--divi-button--divi-button--hi917qs--default_wrapper\"><a class=\"et_pb_button_0 et_pb_button et_pb_bg_layout_light et_pb_module et_flex_module preset--group--divi-button--divi-button--hi917qs--default\" href=\"https:\/\/aaccmi.com\/wp-content\/uploads\/2026\/03\/AACC_Brochure.pdf\" target=\"_blank\">Shkarko<\/a><\/div>\n<\/div>\n<\/div>\n<\/div>\n\n<div class=\"et_pb_section_2 et_pb_section et_section_regular et_flex_section\" id=\"packages\">\n<div class=\"et_pb_row_4 et_pb_row et_flex_row\">\n<div class=\"et_pb_column_6 et_pb_column et-last-child et_flex_column et_pb_css_mix_blend_mode_passthrough et_flex_column_24_24 et_flex_column_24_24_tablet et_flex_column_24_24_phone\">\n<div class=\"et_pb_heading_0 et_pb_heading et_pb_module et_flex_module\"><div class=\"et_pb_heading_container\"><h2 class=\"et_pb_module_header\">Paketetat e Antar\u00ebsimit<\/h2><\/div><\/div>\n<\/div>\n<\/div>\n\n<div class=\"et_pb_row_5 et_pb_row et_flex_row\">\n<div class=\"et_pb_column_7 et_pb_column et_block_column et_pb_css_mix_blend_mode_passthrough et_flex_column_24_24 et_flex_column_24_24_tablet et_flex_column_24_24_phone\">\n<div class=\"et_pb_pricing_tables_0 et_pb_pricing_tables et_pb_pricing clearfix et_pb_pricing_1 et_animated et_pb_no_featured_in_first_row et_pb_module et_flex_module preset--group--divi-pricing-tables--divi-button--hi917qs--default\">\n<div class=\"et_pb_pricing_table_0 et_pb_pricing_table et_pb_module et_flex_module et_flex_column_24_24 et_flex_column_24_24_tablet et_flex_column_24_24_phone preset--group--divi-pricing-table--divi-button--hi917qs--default\"><div class=\"et_pb_pricing_heading\"><h4 class=\"et_pb_pricing_title\">Individual Professionals<\/h4><span class=\"et_pb_best_value\">For individuals planning to start a business<\/span><\/div><div class=\"et_pb_pricing_content_top\"><div class=\"et_pb_et_price\"><span class=\"et_pb_dollar_sign\">$<\/span><span class=\"et_pb_sum\">129<\/span><span class=\"et_pb_frequency\"><span class=\"et_pb_frequency_slash\">\/<\/span>viti<\/span><\/div><\/div><div class=\"et_pb_pricing_content\"><ul class=\"et_pb_pricing\"><li><span>Listing in the Chamber\u2019s online directory<\/span><\/li><li><span>Ftesa p\u00ebr rrjet\u00ebzim dhe evente komunitare<\/span><\/li><li><span>Akses n\u00eb komunikime vet\u00ebm p\u00ebr an\u00ebtar\u00ebt<\/span><\/li><li><span>Advocacy to start a new business<\/span><\/li><\/ul><\/div><div class=\"et_pb_button_wrapper\"><a class=\"et_pb_button et_pb_pricing_table_button\" href=\"https:\/\/aaccmi.com\/al\/sign-up\/?individual\">Regjistrohu<\/a><\/div><\/div>\n<\/div>\n<\/div>\n\n<div class=\"et_pb_column_8 et_pb_column et_block_column et_pb_css_mix_blend_mode_passthrough et_flex_column_24_24 et_flex_column_24_24_tablet et_flex_column_24_24_phone\">\n<div class=\"et_pb_pricing_tables_1 et_pb_pricing_tables et_pb_pricing clearfix et_pb_pricing_1 et_animated et_pb_no_featured_in_first_row et_pb_module et_flex_module preset--group--divi-pricing-tables--divi-button--hi917qs--default\">\n<div class=\"et_pb_pricing_table_1 et_pb_pricing_table et_pb_module et_block_module et_flex_column_24_24 et_flex_column_24_24_tablet et_flex_column_24_24_phone preset--group--divi-pricing-table--divi-button--hi917qs--default\"><div class=\"et_pb_pricing_heading\"><h4 class=\"et_pb_pricing_title\">Biznes<\/h4><span class=\"et_pb_best_value\">P\u00ebr biznese t\u00eb vogla dhe mesatare<\/span><\/div><div class=\"et_pb_pricing_content_top\"><div class=\"et_pb_et_price\"><span class=\"et_pb_dollar_sign\">$<\/span><span class=\"et_pb_sum\">250<\/span><span class=\"et_pb_frequency\"><span class=\"et_pb_frequency_slash\">\/<\/span>viti<\/span><\/div><\/div><div class=\"et_pb_pricing_content\"><ul class=\"et_pb_pricing\"><li><span>T\u00eb gjitha p\u00ebrfitimet e antar\u00ebsimit individual<\/span><\/li><li><span>Listim me logo dhe p\u00ebrshkim t\u00eb detajuar p\u00ebr biznesin<\/span><\/li><li><span>Mund\u00ebsi p\u00ebr t\u00eb postuar n\u00eb platform\u00ebn e dhom\u00ebs, vakancat p\u00ebr pun\u00eb dhe evente<\/span><\/li><li><span>Leje p\u00ebr t\u00eb p\u00ebrdorur logon e dhom\u00ebs<\/span><\/li><li><span>Ulje p\u00ebr antar\u00ebt mbi reklamimet dhe eventet e sponsorizuara<\/span><\/li><li><span>Akses n\u00eb tavolinat e rrumbullakta t\u00eb bizneseve dhe workshop edukuese<\/span><\/li><\/ul><\/div><div class=\"et_pb_button_wrapper\"><a class=\"et_pb_button et_pb_pricing_table_button\" href=\"https:\/\/aaccmi.com\/al\/sign-up\/?business\">Regjistrohu<\/a><\/div><\/div>\n<\/div>\n<\/div>\n\n<div class=\"et_pb_column_9 et_pb_column et_block_column et_pb_css_mix_blend_mode_passthrough et_flex_column_24_24 et_flex_column_24_24_tablet et_flex_column_24_24_phone\">\n<div class=\"et_pb_pricing_tables_2 et_pb_pricing_tables et_pb_pricing clearfix et_pb_pricing_1 et_animated et_pb_no_featured_in_first_row et_pb_module et_flex_module preset--group--divi-pricing-tables--divi-button--hi917qs--default\">\n<div class=\"et_pb_pricing_table_2 et_pb_pricing_table et_pb_module et_block_module et_flex_column_24_24 et_flex_column_24_24_tablet et_flex_column_24_24_phone preset--group--divi-pricing-table--divi-button--hi917qs--default\"><div class=\"et_pb_pricing_heading\"><h4 class=\"et_pb_pricing_title\">Korporat\u00eb<\/h4><span class=\"et_pb_best_value\">P\u00ebr kompani n\u00eb rritje q\u00eb k\u00ebrkojn\u00eb ekspozim dhe ndikim<\/span><\/div><div class=\"et_pb_pricing_content_top\"><div class=\"et_pb_et_price\"><span class=\"et_pb_dollar_sign\">$<\/span><span class=\"et_pb_sum\">1500<\/span><span class=\"et_pb_frequency\"><span class=\"et_pb_frequency_slash\">\/<\/span>viti<\/span><\/div><\/div><div class=\"et_pb_pricing_content\"><ul class=\"et_pb_pricing\"><li><span>T\u00eb gjitha p\u00ebrfitimet e paket\u00ebs Biznes<\/span><\/li><li><span>Baner n\u00eb website<\/span><\/li><li><span>Email-e promocionale q\u00eb i d\u00ebrgohen list\u00ebs s\u00eb dhom\u00ebs<\/span><\/li><li><span>Mund\u00ebsi marketing n\u00eb eventet e dhom\u00ebs<\/span><\/li><li><span>Mund\u00ebsi p\u00ebr t\u00eb folur ose prezantuar n\u00eb eventet e dhom\u00ebs<\/span><\/li><li><span>Pjes\u00ebmarrje n\u00eb komitetet dhe grupet e k\u00ebshillimit<\/span><\/li><li><span>Mund\u00ebsi p\u00ebr t\u00eb p\u00ebrdorur lokacionin tuaj p\u00ebr t\u00eb mikpritur nj\u00eb event<\/span><\/li><\/ul><\/div><div class=\"et_pb_button_wrapper\"><a class=\"et_pb_button et_pb_pricing_table_button\" href=\"https:\/\/aaccmi.com\/al\/sign-up\/?corporate\">Regjistrohu<\/a><\/div><\/div>\n<\/div>\n<\/div>\n\n<div class=\"et_pb_column_10 et_pb_column et-last-child et_block_column et_pb_css_mix_blend_mode_passthrough et_flex_column_24_24 et_flex_column_24_24_tablet et_flex_column_24_24_phone\">\n<div class=\"et_pb_pricing_tables_3 et_pb_pricing_tables et_pb_pricing clearfix et_pb_pricing_1 et_animated et_pb_no_featured_in_first_row et_pb_module et_flex_module preset--group--divi-pricing-tables--divi-button--hi917qs--default\">\n<div class=\"et_pb_pricing_table_3 et_pb_pricing_table et_pb_module et_block_module et_flex_column_24_24 et_flex_column_24_24_tablet et_flex_column_24_24_phone preset--group--divi-pricing-table--divi-button--hi917qs--default\"><div class=\"et_pb_pricing_heading\"><h4 class=\"et_pb_pricing_title\">Founding Business Leaders<\/h4><span class=\"et_pb_best_value\">Lifetime package for individuals during 2026<\/span><\/div><div class=\"et_pb_pricing_content_top\"><div class=\"et_pb_et_price\"><span class=\"et_pb_dollar_sign\">$<\/span><span class=\"et_pb_sum\">5000+<\/span><\/div><\/div><div class=\"et_pb_pricing_content\"><ul class=\"et_pb_pricing\"><li><span>T\u00eb gjitha p\u00ebrfitimet e paket\u00ebs Biznes<\/span><\/li><li><span>Lifetime membership<\/span><\/li><li><span>Prominent and Permanent Placement on Chamber's Recognition Wall<\/span><\/li><li><span>Pjes\u00ebmarrje n\u00eb komitetet dhe grupet e k\u00ebshillimit<\/span><\/li><li><span>Mund\u00ebsi p\u00ebr t\u00eb folur ose prezantuar n\u00eb eventet e dhom\u00ebs<\/span><\/li><li><span>Mund\u00ebsi p\u00ebr t\u00eb p\u00ebrdorur lokacionin tuaj p\u00ebr t\u00eb mikpritur nj\u00eb event<\/span><\/li><li><span>Mund\u00ebsi marketing n\u00eb eventet e dhom\u00ebs<\/span><\/li><\/ul><\/div><div class=\"et_pb_button_wrapper\"><a class=\"et_pb_button et_pb_pricing_table_button\" href=\"https:\/\/aaccmi.com\/al\/sign-up\/?corporate\">Regjistrohu<\/a><\/div><\/div>\n<\/div>\n<\/div>\n<\/div>\n<\/div>\n\n<div class=\"et_pb_section_3 et_pb_section et_section_regular et_flex_section\">\n<div class=\"et_pb_row_6 et_pb_row et_flex_row\">\n<div class=\"et_pb_column_11 et_pb_column et-last-child et_flex_column et_pb_css_mix_blend_mode_passthrough et_flex_column_24_24 et_flex_column_24_24_tablet et_flex_column_24_24_phone\">\n<div class=\"et_pb_text_8 et_pb_text et_pb_bg_layout_light et_pb_module et_flex_module\"><div class=\"et_pb_text_inner\"><h2>Shkarko formularin e an\u00ebtar\u00ebsimit dhe regjistrohu<\/h2>\n<\/div><\/div>\n\n<div class=\"et_pb_module et_pb_button_module_wrapper et_pb_button_1_wrapper preset--group--divi-button--divi-button--hi917qs--default_wrapper\"><a class=\"et_pb_button_1 et_pb_button et_pb_bg_layout_light et_pb_module et_flex_module preset--group--divi-button--divi-button--hi917qs--default\" href=\"https:\/\/aaccmi.com\/wp-content\/uploads\/2026\/03\/AACC-Broshura_shqip.pdf\" target=\"_blank\">Shkarko<\/a><\/div>\n<\/div>\n<\/div>\n<\/div>","protected":false},"excerpt":{"rendered":"","protected":false},"author":7,"featured_media":0,"parent":0,"menu_order":0,"comment_status":"closed","ping_status":"closed","template":"","meta":{"_breakdance_hide_in_design_set":false,"_breakdance_tags":"","footnotes":""},"class_list":["post-42","page","type-page","status-publish","hentry"],"yoast_head":"<!-- This site is optimized with the Yoast SEO plugin v27.5 - https:\/\/yoast.com\/product\/yoast-seo-wordpress\/ -->\n<title>Membership - Albanian American Chamber of Commerce<\/title>\n<meta name=\"robots\" content=\"index, follow, max-snippet:-1, max-image-preview:large, max-video-preview:-1\" \/>\n<link rel=\"canonical\" href=\"https:\/\/aaccmi.com\/al\/membership\/\" \/>\n<meta property=\"og:locale\" content=\"sq_AL\" \/>\n<meta property=\"og:type\" content=\"article\" \/>\n<meta property=\"og:title\" content=\"Membership - Albanian American Chamber of Commerce\" \/>\n<meta property=\"og:url\" content=\"https:\/\/aaccmi.com\/al\/membership\/\" \/>\n<meta property=\"og:site_name\" content=\"Albanian American Chamber of Commerce\" \/>\n<meta property=\"article:modified_time\" content=\"2026-03-23T16:59:39+00:00\" \/>\n<meta name=\"twitter:card\" content=\"summary_large_image\" \/>\n<script type=\"application\/ld+json\" class=\"yoast-schema-graph\">{\"@context\":\"https:\\\/\\\/schema.org\",\"@graph\":[{\"@type\":\"WebPage\",\"@id\":\"https:\\\/\\\/aaccmi.com\\\/membership\\\/\",\"url\":\"https:\\\/\\\/aaccmi.com\\\/membership\\\/\",\"name\":\"Membership - Albanian American Chamber of Commerce\",\"isPartOf\":{\"@id\":\"https:\\\/\\\/aaccmi.com\\\/#website\"},\"datePublished\":\"2026-01-06T16:19:40+00:00\",\"dateModified\":\"2026-03-23T16:59:39+00:00\",\"breadcrumb\":{\"@id\":\"https:\\\/\\\/aaccmi.com\\\/membership\\\/#breadcrumb\"},\"inLanguage\":\"sq\",\"potentialAction\":[{\"@type\":\"ReadAction\",\"target\":[\"https:\\\/\\\/aaccmi.com\\\/membership\\\/\"]}]},{\"@type\":\"BreadcrumbList\",\"@id\":\"https:\\\/\\\/aaccmi.com\\\/membership\\\/#breadcrumb\",\"itemListElement\":[{\"@type\":\"ListItem\",\"position\":1,\"name\":\"Home\",\"item\":\"https:\\\/\\\/aaccmi.com\\\/\"},{\"@type\":\"ListItem\",\"position\":2,\"name\":\"Membership\"}]},{\"@type\":\"WebSite\",\"@id\":\"https:\\\/\\\/aaccmi.com\\\/#website\",\"url\":\"https:\\\/\\\/aaccmi.com\\\/\",\"name\":\"Albanian American Chamber of Commerce\",\"description\":\"\",\"potentialAction\":[{\"@type\":\"SearchAction\",\"target\":{\"@type\":\"EntryPoint\",\"urlTemplate\":\"https:\\\/\\\/aaccmi.com\\\/?s={search_term_string}\"},\"query-input\":{\"@type\":\"PropertyValueSpecification\",\"valueRequired\":true,\"valueName\":\"search_term_string\"}}],\"inLanguage\":\"sq\"}]}<\/script>\n<!-- \/ Yoast SEO plugin. -->","yoast_head_json":{"title":"Membership - Albanian American Chamber of Commerce","robots":{"index":"index","follow":"follow","max-snippet":"max-snippet:-1","max-image-preview":"max-image-preview:large","max-video-preview":"max-video-preview:-1"},"canonical":"https:\/\/aaccmi.com\/al\/membership\/","og_locale":"sq_AL","og_type":"article","og_title":"Membership - Albanian American Chamber of Commerce","og_url":"https:\/\/aaccmi.com\/al\/membership\/","og_site_name":"Albanian American Chamber of Commerce","article_modified_time":"2026-03-23T16:59:39+00:00","twitter_card":"summary_large_image","schema":{"@context":"https:\/\/schema.org","@graph":[{"@type":"WebPage","@id":"https:\/\/aaccmi.com\/membership\/","url":"https:\/\/aaccmi.com\/membership\/","name":"Membership - Albanian American Chamber of Commerce","isPartOf":{"@id":"https:\/\/aaccmi.com\/#website"},"datePublished":"2026-01-06T16:19:40+00:00","dateModified":"2026-03-23T16:59:39+00:00","breadcrumb":{"@id":"https:\/\/aaccmi.com\/membership\/#breadcrumb"},"inLanguage":"sq","potentialAction":[{"@type":"ReadAction","target":["https:\/\/aaccmi.com\/membership\/"]}]},{"@type":"BreadcrumbList","@id":"https:\/\/aaccmi.com\/membership\/#breadcrumb","itemListElement":[{"@type":"ListItem","position":1,"name":"Home","item":"https:\/\/aaccmi.com\/"},{"@type":"ListItem","position":2,"name":"Membership"}]},{"@type":"WebSite","@id":"https:\/\/aaccmi.com\/#website","url":"https:\/\/aaccmi.com\/","name":"Dhoma e Tregtis\u00eb Shqiptaro Amerikane","description":"","potentialAction":[{"@type":"SearchAction","target":{"@type":"EntryPoint","urlTemplate":"https:\/\/aaccmi.com\/?s={search_term_string}"},"query-input":{"@type":"PropertyValueSpecification","valueRequired":true,"valueName":"search_term_string"}}],"inLanguage":"sq"}]}},"_links":{"self":[{"href":"https:\/\/aaccmi.com\/al\/wp-json\/wp\/v2\/pages\/42","targetHints":{"allow":["GET"]}}],"collection":[{"href":"https:\/\/aaccmi.com\/al\/wp-json\/wp\/v2\/pages"}],"about":[{"href":"https:\/\/aaccmi.com\/al\/wp-json\/wp\/v2\/types\/page"}],"author":[{"embeddable":true,"href":"https:\/\/aaccmi.com\/al\/wp-json\/wp\/v2\/users\/7"}],"replies":[{"embeddable":true,"href":"https:\/\/aaccmi.com\/al\/wp-json\/wp\/v2\/comments?post=42"}],"version-history":[{"count":64,"href":"https:\/\/aaccmi.com\/al\/wp-json\/wp\/v2\/pages\/42\/revisions"}],"predecessor-version":[{"id":449,"href":"https:\/\/aaccmi.com\/al\/wp-json\/wp\/v2\/pages\/42\/revisions\/449"}],"wp:attachment":[{"href":"https:\/\/aaccmi.com\/al\/wp-json\/wp\/v2\/media?parent=42"}],"curies":[{"name":"wp","href":"https:\/\/api.w.org\/{rel}","templated":true}]}}